{"id":4,"date":"2020-12-17T17:57:01","date_gmt":"2020-12-17T17:57:01","guid":{"rendered":"https:\/\/canoe.moxiworks.com\/marcia-cordero\/agent-homepage"},"modified":"2020-12-17T17:57:01","modified_gmt":"2020-12-17T17:57:01","slug":"agent-homepage","status":"publish","type":"page","link":"https:\/\/marciacordero.com\/fr-ca","title":{"rendered":"ACCUEIL"},"content":{"rendered":"\n<h2>\n\t\tLA R\u00c9F\u00c9RENCE EN OR DANS LE SECTEUR IMMOBILIER\n\t<\/h2>\n<h2>\n\t\tLA R\u00c9F\u00c9RENCE EN OR DANS LE SECTEUR IMMOBILIER\n\t<\/h2>\n<h2>\n\t\tMA MISSION : OFFRIR UNE EXP\u00c9RIENCE EXTRAORDINAIRE\n\t<\/h2>\n\t<p>\u00c0 titre de courtier immobilier CENTURY\u00a021<sup>MD<\/sup>, je m&#8217;engage \u00e0 vous offrir un service de la plus haute qualit\u00e9, en alliant mes connaissances exceptionnelles du march\u00e9 immobilier local \u00e0 la puissance de la marque CENTURY\u00a021, l&#8217;une des banni\u00e8res immobili\u00e8res les plus reconnues au monde.<\/p>\n<h2>\n\t\tPROPRI\u00c9T\u00c9S EN VEDETTE\n\t<\/h2>\n\t\t\t<a href=\"\/fr-ca\/search\" target=\"_self\" role=\"button\" rel=\"noopener noreferrer\">\n\t\t\t\t\t\t\tVoir plus de propri\u00e9t\u00e9s\n\t\t\t\t\t<\/a>\n<h2>\n\t\tPROPRI\u00c9T\u00c9S EN VEDETTE\n\t<\/h2>\n\t\t\t<a href=\"\/fr-ca\/search\" target=\"_self\" role=\"button\" rel=\"noopener noreferrer\">\n\t\t\t\t\t\t\tVoir plus de propri\u00e9t\u00e9s\n\t\t\t\t\t<\/a>\n<h2>\n\t\tNOUVELLES DU QUARTIER\n\t<\/h2>\n\t<p>Vous voulez en savoir plus sur un quartier en particulier? Remplissez le formulaire pour d\u00e9marrer.<\/p>\n\t\t\t<a href=\"\/fr-ca\/neighborhood-news\" target=\"_self\" role=\"button\" rel=\"noopener noreferrer\">\n\t\t\t\t\t\t\tCOMMENCER\n\t\t\t\t\t<\/a>\n\t\t\t\t<img decoding=\"async\" src=\"https:\/\/templates.c21canada.moxiworks.net\/files\/2021\/02\/french_neighborhood-news-iphone-mockup-cropped-1024x942-1.png\" alt=\"french_neighborhood-news-iphone-mockup-cropped-1024x942\" height=\"942\" width=\"1024\" title=\"french_neighborhood-news-iphone-mockup-cropped-1024x942\" \/>\n\t\t\t\t<img decoding=\"async\" src=\"\/\/century21.agent.hub21.ca\/files\/2020\/12\/Branded-background.png\" alt=\"Branded Background\" title=\"Branded background\" \/>\n<h2>\n\t\tUNE EXPERTISE LOCALE POUR L&#8217;ACHAT\n\t<\/h2>\n\t<p>Si vous \u00eates acheteur, je peux vous aider \u00e0 optimiser vos recherches en tenant compte de facteurs que vous n&#8217;auriez pas forc\u00e9ment consid\u00e9r\u00e9s, que ce soit l&#8217;acc\u00e8s aux \u00e9coles, le style de vie recherch\u00e9 ou le retour sur un investissement estim\u00e9. \u00c0 l&#8217;aide de nos outils de recherche, vous pourrez trouver une propri\u00e9t\u00e9 qui correspond parfaitement \u00e0 vos besoins. En plus de m&#8217;occuper de tous les d\u00e9tails, je mettrai \u00e0 profit mes connaissances du march\u00e9 local, mon expertise immobili\u00e8re et mes comp\u00e9tences pour vous aider \u00e0 n\u00e9gocier le meilleur prix.<\/p>\n\t\t\t<a href=\"\/fr-ca\/about-me\" target=\"_self\" role=\"button\" rel=\"noopener noreferrer\">\n\t\t\t\t\t\t\t DISCUTONS\n\t\t\t\t\t<\/a>\n\t\t\t\t<img decoding=\"async\" src=\"\/\/century21.agent.hub21.ca\/files\/2020\/12\/Branded-background.png\" alt=\"Branded Background\" title=\"Branded background\" \/>\n<h2>\n\t\tUNE EXPERTISE LOCALE POUR L&#8217;ACHAT\n\t<\/h2>\n\t<p>Si vous \u00eates acheteur, je peux vous aider \u00e0 optimiser vos recherches en tenant compte de facteurs que vous n&#8217;auriez pas forc\u00e9ment consid\u00e9r\u00e9s, que ce soit l&#8217;acc\u00e8s aux \u00e9coles, le style de vie recherch\u00e9 ou le retour sur un investissement estim\u00e9. \u00c0 l&#8217;aide de nos outils de recherche, vous pourrez trouver une propri\u00e9t\u00e9 qui correspond parfaitement \u00e0 vos besoins. En plus de m&#8217;occuper de tous les d\u00e9tails, je mettrai \u00e0 profit mes connaissances du march\u00e9 local, mon expertise immobili\u00e8re et mes comp\u00e9tences pour vous aider \u00e0 n\u00e9gocier le meilleur prix.<\/p>\n\t\t\t<a href=\"\/fr-ca\/about-me\" target=\"_self\" role=\"button\" rel=\"noopener noreferrer\">\n\t\t\t\t\t\t\t DISCUTONS\n\t\t\t\t\t<\/a>\n<h2>\n\t\tUNE EXPERTISE LOCALE POUR LA VENTE\n\t<\/h2>\n\t<p>Si vous pensez \u00e0 vendre, je vous expliquerai les facteurs du march\u00e9 qui pourraient influer sur le prix, la pr\u00e9paration et la promotion de votre propri\u00e9t\u00e9, afin que vous puissiez prendre une d\u00e9cision \u00e9clair\u00e9e en fonction de vos besoins. Je vous pr\u00e9senterai un plan de marketing personnalis\u00e9 et utiliserai des outils technologiques de pointe pour exposer votre propri\u00e9t\u00e9 \u00e0 un maximum d&#8217;acheteurs potentiels \u00e0 l&#8217;\u00e9chelle locale et internationale afin que vous obteniez le meilleur prix pour votre bien immobilier. Je m&#8217;appuierai sur la notori\u00e9t\u00e9 mondiale de CENTURY\u00a021, l&#8217;une des marques immobili\u00e8res les plus renomm\u00e9es, et mon expertise locale, pour assurer la r\u00e9ussite de votre transaction immobili\u00e8re.<\/p>\n<p>N&#8217;h\u00e9sitez pas \u00e0 communiquer avec moi si vous avez des questions au sujet du march\u00e9 immobilier ou de mes services. Au plaisir de travailler avec vous!<\/p>\n\t\t\t<a href=\"\/fr-ca\/about-me\" target=\"_self\" role=\"button\" rel=\"noopener noreferrer\">\n\t\t\t\t\t\t\tPOSER VOTRE QUESTION\n\t\t\t\t\t<\/a>\n\t\t\t\t<img decoding=\"async\" src=\"\/\/templates.c21canada.moxiworks.net\/files\/2021\/02\/House_YardSign_FR-scaled.jpg\" alt=\"House_YardSign_FR\" title=\"House_YardSign_FR\" \/>\n<h2>\n\t\tUNE EXPERTISE LOCALE POUR LA VENTE\n\t<\/h2>\n\t<p>Si vous pensez \u00e0 vendre, je vous expliquerai les facteurs du march\u00e9 qui pourraient influer sur le prix, la pr\u00e9paration et la promotion de votre propri\u00e9t\u00e9, afin que vous puissiez prendre une d\u00e9cision \u00e9clair\u00e9e en fonction de vos besoins. Je vous pr\u00e9senterai un plan de marketing personnalis\u00e9 et utiliserai des outils technologiques de pointe pour exposer votre propri\u00e9t\u00e9 \u00e0 un maximum d&#8217;acheteurs potentiels \u00e0 l&#8217;\u00e9chelle locale et internationale afin que vous obteniez le meilleur prix pour votre bien immobilier. Je m&#8217;appuierai sur la notori\u00e9t\u00e9 mondiale de CENTURY\u00a021, l&#8217;une des marques immobili\u00e8res les plus renomm\u00e9es, et mon expertise locale, pour assurer la r\u00e9ussite de votre transaction immobili\u00e8re.<\/p>\n<p>N&#8217;h\u00e9sitez pas \u00e0 communiquer avec moi si vous avez des questions au sujet du march\u00e9 immobilier ou de mes services. Au plaisir de travailler avec vous!<\/p>\n\t\t\t<a href=\"\/fr-ca\/about-me\" target=\"_self\" role=\"button\" rel=\"noopener noreferrer\">\n\t\t\t\t\t\t\tPOSER VOTRE QUESTION\n\t\t\t\t\t<\/a>\n\t\t\t\t<img decoding=\"async\" src=\"\/\/templates.c21canada.moxiworks.net\/files\/2021\/02\/House_YardSign_FR-scaled.jpg\" alt=\"House_YardSign_FR\" title=\"House_YardSign_FR\" \/>\n\n","protected":false},"excerpt":{"rendered":"<p>LA R\u00c9F\u00c9RENCE EN OR DANS LE SECTEUR IMMOBILIER LA R\u00c9F\u00c9RENCE EN OR DANS LE SECTEUR IMMOBILIER MA MISSION : OFFRIR UNE EXP\u00c9RIENCE EXTRAORDINAIRE \u00c0 titre de courtier immobilier CENTURY\u00a021MD, je m&#8217;engage \u00e0 vous offrir un service de la plus haute qualit\u00e9, en alliant mes connaissances exceptionnelles du march\u00e9 immobilier local \u00e0 la puissance de la [&hellip;]<\/p>\n","protected":false},"author":2,"featured_media":1771,"parent":0,"menu_order":0,"comment_status":"closed","ping_status":"closed","template":"","meta":{"footnotes":""},"class_list":["post-4","page","type-page","status-publish","has-post-thumbnail","hentry"],"_links":{"self":[{"href":"https:\/\/marciacordero.com\/fr-ca\/wp-json\/wp\/v2\/pages\/4","targetHints":{"allow":["GET"]}}],"collection":[{"href":"https:\/\/marciacordero.com\/fr-ca\/wp-json\/wp\/v2\/pages"}],"about":[{"href":"https:\/\/marciacordero.com\/fr-ca\/wp-json\/wp\/v2\/types\/page"}],"author":[{"embeddable":true,"href":"https:\/\/marciacordero.com\/fr-ca\/wp-json\/wp\/v2\/users\/2"}],"replies":[{"embeddable":true,"href":"https:\/\/marciacordero.com\/fr-ca\/wp-json\/wp\/v2\/comments?post=4"}],"version-history":[{"count":0,"href":"https:\/\/marciacordero.com\/fr-ca\/wp-json\/wp\/v2\/pages\/4\/revisions"}],"wp:featuredmedia":[{"embeddable":true,"href":"https:\/\/marciacordero.com\/fr-ca\/wp-json\/"}],"wp:attachment":[{"href":"https:\/\/marciacordero.com\/fr-ca\/wp-json\/wp\/v2\/media?parent=4"}],"curies":[{"name":"wp","href":"https:\/\/api.w.org\/{rel}","templated":true}]}}